{"id":5194,"date":"2017-01-19T15:25:11","date_gmt":"2017-01-19T15:25:11","guid":{"rendered":"http:\/\/212.175.79.198\/kasktas\/?page_id=5194"},"modified":"2022-09-07T16:55:43","modified_gmt":"2022-09-07T13:55:43","slug":"ozel-imalatlar","status":"publish","type":"page","link":"https:\/\/www.kasktas.com.tr\/en\/ozel-imalatlar\/","title":{"rendered":"\u00d6zel \u0130malatlar"},"content":{"rendered":"<div class=\"wpb-content-wrapper\">[vc_row][vc_column]<div id=\"ultimate-heading-886069e03a1d3da78\" class=\"uvc-heading ult-adjust-bottom-margin ultimate-heading-886069e03a1d3da78 uvc-6952 \" data-hspacer=\"line_only\"  data-halign=\"left\" style=\"text-align:left\"><div class=\"uvc-main-heading ult-responsive\"  data-ultimate-target='.uvc-heading.ultimate-heading-886069e03a1d3da78 h2'  data-responsive-json-new='{\"font-size\":\"\",\"line-height\":\"\"}' ><h2 style=\"font-weight:normal;\">\u00d6ZEL \u0130MALATLAR<\/h2><\/div><div class=\"uvc-heading-spacer line_only\" style=\"topheight:2px;\"><span class=\"uvc-headings-line\" style=\"border-style:solid;border-bottom-width:2px;border-color:#0077c8;width:210px;\"><\/span><\/div><\/div><div class=\"ult-spacer spacer-69e03a1d3daf7\" data-id=\"69e03a1d3daf7\" data-height=\"20\" data-height-mobile=\"5\" data-height-tab=\"15\" data-height-tab-portrait=\"15\" data-height-mobile-landscape=\"10\" style=\"clear:both;display:block;\"><\/div>[\/vc_column][\/vc_row][vc_row][vc_column]<div id=\"ultimate-heading-869069e03a1d3db2b\" class=\"uvc-heading ult-adjust-bottom-margin ultimate-heading-869069e03a1d3db2b uvc-5807 \" data-hspacer=\"line_only\"  data-halign=\"right\" style=\"text-align:right\"><div class=\"uvc-main-heading ult-responsive\"  data-ultimate-target='.uvc-heading.ultimate-heading-869069e03a1d3db2b h2'  data-responsive-json-new='{\"font-size\":\"\",\"line-height\":\"\"}' ><h2 style=\"font-weight:normal;\">SBMA TEK DEL\u0130K<\/h2><\/div><div class=\"uvc-sub-heading ult-responsive\"  data-ultimate-target='.uvc-heading.ultimate-heading-869069e03a1d3db2b .uvc-sub-heading '  data-responsive-json-new='{\"font-size\":\"\",\"line-height\":\"\"}'  style=\"font-weight:normal;\">\n<p style=\"text-align: right;\"><span style=\"color: #fe5252;\">\u00c7OKLU ANKRAJ<\/span><\/p>\n<\/div><div class=\"uvc-heading-spacer line_only\" style=\"topheight:2px;\"><span class=\"uvc-headings-line\" style=\"border-style:solid;border-bottom-width:2px;border-color:#0077c8;width:50px;\"><\/span><\/div><\/div><div class=\"ult-spacer spacer-69e03a1d3db6f\" data-id=\"69e03a1d3db6f\" data-height=\"20\" data-height-mobile=\"5\" data-height-tab=\"15\" data-height-tab-portrait=\"15\" data-height-mobile-landscape=\"10\" style=\"clear:both;display:block;\"><\/div>[TS_VCSC_Lightbox_Gallery content_alternate=&#8221;true&#8221; content_images=&#8221;4536,2615,4155,3897,4153,3907,3911&#8243; content_images_size=&#8221;large&#8221; fullwidth=&#8221;true&#8221; data_grid_space=&#8221;5&#8243; lightbox_effect=&#8221;simpleFade&#8221; el_file1=&#8221;&#8221;][\/TS_VCSC_Lightbox_Gallery]<div class=\"ult-spacer spacer-69e03a1d3db90\" data-id=\"69e03a1d3db90\" data-height=\"20\" data-height-mobile=\"5\" data-height-tab=\"15\" data-height-tab-portrait=\"15\" data-height-mobile-landscape=\"10\" style=\"clear:both;display:block;\"><\/div>[\/vc_column][\/vc_row][vc_row][vc_column]<div class=\"ult-spacer spacer-69e03a1d3dbae\" data-id=\"69e03a1d3dbae\" data-height=\"50\" data-height-mobile=\"15\" data-height-tab=\"40\" data-height-tab-portrait=\"30\" data-height-mobile-landscape=\"20\" style=\"clear:both;display:block;\"><\/div><div id=\"ultimate-heading-692569e03a1d3dbd7\" class=\"uvc-heading ult-adjust-bottom-margin ultimate-heading-692569e03a1d3dbd7 uvc-2428 \" data-hspacer=\"line_only\"  data-halign=\"right\" style=\"text-align:right\"><div class=\"uvc-main-heading ult-responsive\"  data-ultimate-target='.uvc-heading.ultimate-heading-692569e03a1d3dbd7 h2'  data-responsive-json-new='{\"font-size\":\"\",\"line-height\":\"\"}' ><h2 style=\"font-weight:normal;\">YATAY Y\u00d6NDE S\u00dcREKL\u0130<\/h2><\/div><div class=\"uvc-sub-heading ult-responsive\"  data-ultimate-target='.uvc-heading.ultimate-heading-692569e03a1d3dbd7 .uvc-sub-heading '  data-responsive-json-new='{\"font-size\":\"\",\"line-height\":\"\"}'  style=\"font-weight:normal;\">\n<p style=\"text-align: right;\">D\u0130YAFRAM<span style=\"color: #fe5252;\">\u00a0DUVAR<\/span><\/p>\n<\/div><div class=\"uvc-heading-spacer line_only\" style=\"topheight:2px;\"><span class=\"uvc-headings-line\" style=\"border-style:solid;border-bottom-width:2px;border-color:#0077c8;width:50px;\"><\/span><\/div><\/div><div class=\"ult-spacer spacer-69e03a1d3dc13\" data-id=\"69e03a1d3dc13\" data-height=\"20\" data-height-mobile=\"5\" data-height-tab=\"15\" data-height-tab-portrait=\"15\" data-height-mobile-landscape=\"10\" style=\"clear:both;display:block;\"><\/div>[TS_VCSC_Lightbox_Gallery content_alternate=&#8221;true&#8221; content_images=&#8221;2631,2627,3913,2619,2625&#8243; content_images_size=&#8221;large&#8221; data_grid_space=&#8221;5&#8243; lightbox_effect=&#8221;simpleFade&#8221; el_file1=&#8221;&#8221;][\/TS_VCSC_Lightbox_Gallery]<div class=\"ult-spacer spacer-69e03a1d3dc31\" data-id=\"69e03a1d3dc31\" data-height=\"20\" data-height-mobile=\"5\" data-height-tab=\"15\" data-height-tab-portrait=\"15\" data-height-mobile-landscape=\"10\" style=\"clear:both;display:block;\"><\/div>[\/vc_column][\/vc_row][vc_row][vc_column]<div class=\"ult-spacer spacer-69e03a1d3dc4d\" data-id=\"69e03a1d3dc4d\" data-height=\"50\" data-height-mobile=\"15\" data-height-tab=\"40\" data-height-tab-portrait=\"30\" data-height-mobile-landscape=\"20\" style=\"clear:both;display:block;\"><\/div><div id=\"ultimate-heading-773669e03a1d3dc74\" class=\"uvc-heading ult-adjust-bottom-margin ultimate-heading-773669e03a1d3dc74 uvc-8018 \" data-hspacer=\"line_only\"  data-halign=\"right\" style=\"text-align:right\"><div class=\"uvc-main-heading ult-responsive\"  data-ultimate-target='.uvc-heading.ultimate-heading-773669e03a1d3dc74 h2'  data-responsive-json-new='{\"font-size\":\"\",\"line-height\":\"\"}' ><h2 style=\"font-weight:normal;\">\u00c7OK G\u00d6ZL\u00dc<\/h2><\/div><div class=\"uvc-sub-heading ult-responsive\"  data-ultimate-target='.uvc-heading.ultimate-heading-773669e03a1d3dc74 .uvc-sub-heading '  data-responsive-json-new='{\"font-size\":\"\",\"line-height\":\"\"}'  style=\"font-weight:normal;\">\n<p style=\"text-align: right;\">D\u0130YAFRAM<span style=\"color: #fe5252;\"> DUVAR<\/span><\/p>\n<\/div><div class=\"uvc-heading-spacer line_only\" style=\"topheight:2px;\"><span class=\"uvc-headings-line\" style=\"border-style:solid;border-bottom-width:2px;border-color:#0077c8;width:50px;\"><\/span><\/div><\/div><div class=\"ult-spacer spacer-69e03a1d3dca8\" data-id=\"69e03a1d3dca8\" data-height=\"20\" data-height-mobile=\"5\" data-height-tab=\"15\" data-height-tab-portrait=\"15\" data-height-mobile-landscape=\"10\" style=\"clear:both;display:block;\"><\/div>[TS_VCSC_Lightbox_Gallery content_images=&#8221;2657,2661,2667,2659,2671,2669,2673&#8243; content_images_size=&#8221;large&#8221; lightbox_effect=&#8221;simpleFade&#8221; el_file1=&#8221;&#8221;][\/TS_VCSC_Lightbox_Gallery]<div class=\"ult-spacer spacer-69e03a1d3dcc4\" data-id=\"69e03a1d3dcc4\" data-height=\"20\" data-height-mobile=\"5\" data-height-tab=\"15\" data-height-tab-portrait=\"15\" data-height-mobile-landscape=\"10\" style=\"clear:both;display:block;\"><\/div>[\/vc_column][\/vc_row][vc_row][vc_column]<div class=\"ult-spacer spacer-69e03a1d3dcde\" data-id=\"69e03a1d3dcde\" data-height=\"50\" data-height-mobile=\"15\" data-height-tab=\"40\" data-height-tab-portrait=\"30\" data-height-mobile-landscape=\"20\" style=\"clear:both;display:block;\"><\/div><div id=\"ultimate-heading-783869e03a1d3dd04\" class=\"uvc-heading ult-adjust-bottom-margin ultimate-heading-783869e03a1d3dd04 uvc-4911 \" data-hspacer=\"line_only\"  data-halign=\"right\" style=\"text-align:right\"><div class=\"uvc-main-heading ult-responsive\"  data-ultimate-target='.uvc-heading.ultimate-heading-783869e03a1d3dd04 h2'  data-responsive-json-new='{\"font-size\":\"\",\"line-height\":\"\"}' ><h2 style=\"font-weight:normal;\">TOP<\/h2><\/div><div class=\"uvc-sub-heading ult-responsive\"  data-ultimate-target='.uvc-heading.ultimate-heading-783869e03a1d3dd04 .uvc-sub-heading '  data-responsive-json-new='{\"font-size\":\"\",\"line-height\":\"\"}'  style=\"font-weight:normal;\">\n<p style=\"text-align: right;\"><span style=\"color: #fe5252;\">DOWN<\/span><\/p>\n<\/div><div class=\"uvc-heading-spacer line_only\" style=\"topheight:2px;\"><span class=\"uvc-headings-line\" style=\"border-style:solid;border-bottom-width:2px;border-color:#0077c8;width:50px;\"><\/span><\/div><\/div><div class=\"ult-spacer spacer-69e03a1d3dd43\" data-id=\"69e03a1d3dd43\" data-height=\"20\" data-height-mobile=\"5\" data-height-tab=\"15\" data-height-tab-portrait=\"15\" data-height-mobile-landscape=\"10\" style=\"clear:both;display:block;\"><\/div>[TS_VCSC_Lightbox_Gallery content_images=&#8221;3919,3925,3923,2683,3915&#8243; content_images_size=&#8221;large&#8221; lightbox_effect=&#8221;simpleFade&#8221; el_file1=&#8221;&#8221;][\/TS_VCSC_Lightbox_Gallery][\/vc_column][\/vc_row]\n<\/div>","protected":false},"excerpt":{"rendered":"<p>[vc_row][vc_column][\/vc_column][\/vc_row][vc_row][vc_column][TS_VCSC_Lightbox_Gallery content_alternate=&#8221;true&#8221; content_images=&#8221;4536,2615,4155,3897,4153,3907,3911&#8243; content_images_size=&#8221;large&#8221; fullwidth=&#8221;true&#8221; data_grid_space=&#8221;5&#8243; lightbox_effect=&#8221;simpleFade&#8221; el_file1=&#8221;&#8221;][\/TS_VCSC_Lightbox_Gallery][\/vc_column][\/vc_row][vc_row][vc_column][TS_VCSC_Lightbox_Gallery content_alternate=&#8221;true&#8221; content_images=&#8221;2631,2627,3913,2619,2625&#8243; content_images_size=&#8221;large&#8221; data_grid_space=&#8221;5&#8243; lightbox_effect=&#8221;simpleFade&#8221; el_file1=&#8221;&#8221;][\/TS_VCSC_Lightbox_Gallery][\/vc_column][\/vc_row][vc_row][vc_column][TS_VCSC_Lightbox_Gallery content_images=&#8221;2657,2661,2667,2659,2671,2669,2673&#8243; content_images_size=&#8221;large&#8221; lightbox_effect=&#8221;simpleFade&#8221; el_file1=&#8221;&#8221;][\/TS_VCSC_Lightbox_Gallery][\/vc_column][\/vc_row][vc_row][vc_column][TS_VCSC_Lightbox_Gallery content_images=&#8221;3919,3925,3923,2683,3915&#8243; content_images_size=&#8221;large&#8221; lightbox_effect=&#8221;simpleFade&#8221; el_file1=&#8221;&#8221;][\/TS_VCSC_Lightbox_Gallery][\/vc_column][\/vc_row]<\/p>\n","protected":false},"author":1,"featured_media":3621,"parent":0,"menu_order":0,"comment_status":"closed","ping_status":"closed","template":"","meta":{"_acf_changed":false,"om_disable_all_campaigns":false,"_monsterinsights_skip_tracking":false,"_monsterinsights_sitenote_active":false,"_monsterinsights_sitenote_note":"","_monsterinsights_sitenote_category":0,"footnotes":""},"categories":[],"tags":[],"class_list":["post-5194","page","type-page","status-publish","has-post-thumbnail","hentry"],"aioseo_notices":[],"acf":[],"_links":{"self":[{"href":"https:\/\/www.kasktas.com.tr\/en\/wp-json\/wp\/v2\/pages\/5194","targetHints":{"allow":["GET"]}}],"collection":[{"href":"https:\/\/www.kasktas.com.tr\/en\/wp-json\/wp\/v2\/pages"}],"about":[{"href":"https:\/\/www.kasktas.com.tr\/en\/wp-json\/wp\/v2\/types\/page"}],"author":[{"embeddable":true,"href":"https:\/\/www.kasktas.com.tr\/en\/wp-json\/wp\/v2\/users\/1"}],"replies":[{"embeddable":true,"href":"https:\/\/www.kasktas.com.tr\/en\/wp-json\/wp\/v2\/comments?post=5194"}],"version-history":[{"count":0,"href":"https:\/\/www.kasktas.com.tr\/en\/wp-json\/wp\/v2\/pages\/5194\/revisions"}],"wp:featuredmedia":[{"embeddable":true,"href":"https:\/\/www.kasktas.com.tr\/en\/wp-json\/wp\/v2\/media\/3621"}],"wp:attachment":[{"href":"https:\/\/www.kasktas.com.tr\/en\/wp-json\/wp\/v2\/media?parent=5194"}],"wp:term":[{"taxonomy":"category","embeddable":true,"href":"https:\/\/www.kasktas.com.tr\/en\/wp-json\/wp\/v2\/categories?post=5194"},{"taxonomy":"post_tag","embeddable":true,"href":"https:\/\/www.kasktas.com.tr\/en\/wp-json\/wp\/v2\/tags?post=5194"}],"curies":[{"name":"wp","href":"https:\/\/api.w.org\/{rel}","templated":true}]}}